{"id":1396,"date":"2025-07-29T14:20:37","date_gmt":"2025-07-29T12:20:37","guid":{"rendered":"https:\/\/www.emmanueldelicata.com\/order\/?post_type=product&#038;p=1396"},"modified":"2025-07-29T14:27:54","modified_gmt":"2025-07-29T12:27:54","slug":"ziffa-rose","status":"publish","type":"product","link":"https:\/\/www.emmanueldelicata.com\/order\/product\/ziffa-rose\/","title":{"rendered":"\u017bIFFA Rose 75cl x 6 bottles"},"content":{"rendered":"<p>Originating from coastal regions where gentle breezes caress sunlit vineyards, \u017bIFFA Cuv\u00e9e Ros\u00e9 tastes harmoniously balanced with a fruity core of ripe red berries. This off-dry pink wine is the natural companion for those who cherish the lapping of calm waves or the peace of life\u2019s unhurried moments ashore.<\/p>\n","protected":false},"excerpt":{"rendered":"<ul>\n<li>Carton of <strong>six bottles<\/strong>\u00a0of 75 cl each<\/li>\n<li>eco-friendly returnable deposit of \u20ac 0.30 per bottle<\/li>\n<li>Cork closure<\/li>\n<\/ul>\n","protected":false},"featured_media":1397,"template":"","meta":[],"product_brand":[],"product_cat":[56],"product_tag":[29,33],"class_list":{"0":"post-1396","1":"product","2":"type-product","3":"status-publish","4":"has-post-thumbnail","6":"product_cat-ziffa","7":"product_tag-deposit","8":"product_tag-rose","9":"product_shipping_class-delivery","11":"first","12":"instock","13":"taxable","14":"shipping-taxable","15":"purchasable","16":"product-type-simple"},"jetpack_sharing_enabled":true,"_links":{"self":[{"href":"https:\/\/www.emmanueldelicata.com\/order\/wp-json\/wp\/v2\/product\/1396","targetHints":{"allow":["GET"]}}],"collection":[{"href":"https:\/\/www.emmanueldelicata.com\/order\/wp-json\/wp\/v2\/product"}],"about":[{"href":"https:\/\/www.emmanueldelicata.com\/order\/wp-json\/wp\/v2\/types\/product"}],"wp:featuredmedia":[{"embeddable":true,"href":"https:\/\/www.emmanueldelicata.com\/order\/wp-json\/wp\/v2\/media\/1397"}],"wp:attachment":[{"href":"https:\/\/www.emmanueldelicata.com\/order\/wp-json\/wp\/v2\/media?parent=1396"}],"wp:term":[{"taxonomy":"product_brand","embeddable":true,"href":"https:\/\/www.emmanueldelicata.com\/order\/wp-json\/wp\/v2\/product_brand?post=1396"},{"taxonomy":"product_cat","embeddable":true,"href":"https:\/\/www.emmanueldelicata.com\/order\/wp-json\/wp\/v2\/product_cat?post=1396"},{"taxonomy":"product_tag","embeddable":true,"href":"https:\/\/www.emmanueldelicata.com\/order\/wp-json\/wp\/v2\/product_tag?post=1396"}],"curies":[{"name":"wp","href":"https:\/\/api.w.org\/{rel}","templated":true}]}}