{"id":376,"date":"2020-03-23T14:17:36","date_gmt":"2020-03-23T12:17:36","guid":{"rendered":"http:\/\/www.emmanueldelicata.com\/order\/?post_type=product&#038;p=376"},"modified":"2025-07-29T14:39:03","modified_gmt":"2025-07-29T12:39:03","slug":"medina-gellewza-d-o-k-malta-superior-75-cl-x-6-bottles","status":"publish","type":"product","link":"https:\/\/www.emmanueldelicata.com\/order\/product\/medina-gellewza-d-o-k-malta-superior-75-cl-x-6-bottles\/","title":{"rendered":"Medina \u0120ellew\u017ca, 75cl x 6 bottles"},"content":{"rendered":"<p>Sun-kissed \u0120ellew\u017ca grapes from bush-trained, native old vines have been crafted into this vibrant, medium-bodied, dry garnet red wine with delicate aromas of candy and violets and a taste of plum and cherry fruit, with supple tannins and, above all, an intriguing hallmark of liquorish, characteristic of \u0120ellew\u017ca. Serve cellar cool at 14-18\u00b0C.<\/p>\n","protected":false},"excerpt":{"rendered":"<ul>\n<li>Carton of <strong>six bottles<\/strong>\u00a0of 75 cl each<\/li>\n<li>eco-friendly returnable deposit of \u20ac 0.30 per bottle<\/li>\n<li>Rare boutique red wine made from native \u0120ellew\u017ca grapes<\/li>\n<li>Pocket-sized vineyards, hand-picked, domaine bottled, vegan<\/li>\n<\/ul>\n","protected":false},"featured_media":359,"template":"","meta":[],"product_brand":[],"product_cat":[22],"product_tag":[38,29,30],"class_list":{"0":"post-376","1":"product","2":"type-product","3":"status-publish","4":"has-post-thumbnail","6":"product_cat-medina","7":"product_tag-boutique","8":"product_tag-deposit","9":"product_tag-red","11":"first","12":"outofstock","13":"taxable","14":"shipping-taxable","15":"purchasable","16":"product-type-simple"},"jetpack_sharing_enabled":true,"_links":{"self":[{"href":"https:\/\/www.emmanueldelicata.com\/order\/wp-json\/wp\/v2\/product\/376","targetHints":{"allow":["GET"]}}],"collection":[{"href":"https:\/\/www.emmanueldelicata.com\/order\/wp-json\/wp\/v2\/product"}],"about":[{"href":"https:\/\/www.emmanueldelicata.com\/order\/wp-json\/wp\/v2\/types\/product"}],"wp:featuredmedia":[{"embeddable":true,"href":"https:\/\/www.emmanueldelicata.com\/order\/wp-json\/wp\/v2\/media\/359"}],"wp:attachment":[{"href":"https:\/\/www.emmanueldelicata.com\/order\/wp-json\/wp\/v2\/media?parent=376"}],"wp:term":[{"taxonomy":"product_brand","embeddable":true,"href":"https:\/\/www.emmanueldelicata.com\/order\/wp-json\/wp\/v2\/product_brand?post=376"},{"taxonomy":"product_cat","embeddable":true,"href":"https:\/\/www.emmanueldelicata.com\/order\/wp-json\/wp\/v2\/product_cat?post=376"},{"taxonomy":"product_tag","embeddable":true,"href":"https:\/\/www.emmanueldelicata.com\/order\/wp-json\/wp\/v2\/product_tag?post=376"}],"curies":[{"name":"wp","href":"https:\/\/api.w.org\/{rel}","templated":true}]}}