{"id":386,"date":"2020-03-23T15:45:49","date_gmt":"2020-03-23T13:45:49","guid":{"rendered":"http:\/\/www.emmanueldelicata.com\/order\/?post_type=product&#038;p=386"},"modified":"2026-01-26T10:22:34","modified_gmt":"2026-01-26T08:22:34","slug":"pjazza-regina-rose-i-g-t-maltese-islands-75-cl-x-6-bottles","status":"publish","type":"product","link":"https:\/\/www.emmanueldelicata.com\/order\/product\/pjazza-regina-rose-i-g-t-maltese-islands-75-cl-x-6-bottles\/","title":{"rendered":"Pjazza Regina Ros\u00e9, 75cl x 6 bottles"},"content":{"rendered":"<p>This off-dry ros\u00e9 offers refreshing acidity and ripe, red berry fruit flavours. This unique ros\u00e9 is made from a blend of grape varieties, and shows finesse and a subtle savoury quality on the palate with hints of sandalwood on the nose.<\/p>\n<p>&nbsp;<\/p>\n","protected":false},"excerpt":{"rendered":"<ul>\n<li>Carton of <strong>six bottles<\/strong>\u00a0of 75 cl each<\/li>\n<li>eco-friendly returnable deposit of \u20ac 0.30 per bottle<\/li>\n<li>Add any other case to save the \u20ac2.50 delivery charge<\/li>\n<li>Rare boutique pink wine blend from the Maltese Islands<\/li>\n<li>Pocket-sized vineyards, hand-picked, domaine bottled, vegan<\/li>\n<\/ul>\n","protected":false},"featured_media":321,"template":"","meta":[],"product_brand":[],"product_cat":[21],"product_tag":[39,29,33],"class_list":{"0":"post-386","1":"product","2":"type-product","3":"status-publish","4":"has-post-thumbnail","6":"product_cat-pjazza-regina","7":"product_tag-blend","8":"product_tag-deposit","9":"product_tag-rose","11":"first","12":"outofstock","13":"taxable","14":"shipping-taxable","15":"purchasable","16":"product-type-simple"},"jetpack_sharing_enabled":true,"_links":{"self":[{"href":"https:\/\/www.emmanueldelicata.com\/order\/wp-json\/wp\/v2\/product\/386","targetHints":{"allow":["GET"]}}],"collection":[{"href":"https:\/\/www.emmanueldelicata.com\/order\/wp-json\/wp\/v2\/product"}],"about":[{"href":"https:\/\/www.emmanueldelicata.com\/order\/wp-json\/wp\/v2\/types\/product"}],"wp:featuredmedia":[{"embeddable":true,"href":"https:\/\/www.emmanueldelicata.com\/order\/wp-json\/wp\/v2\/media\/321"}],"wp:attachment":[{"href":"https:\/\/www.emmanueldelicata.com\/order\/wp-json\/wp\/v2\/media?parent=386"}],"wp:term":[{"taxonomy":"product_brand","embeddable":true,"href":"https:\/\/www.emmanueldelicata.com\/order\/wp-json\/wp\/v2\/product_brand?post=386"},{"taxonomy":"product_cat","embeddable":true,"href":"https:\/\/www.emmanueldelicata.com\/order\/wp-json\/wp\/v2\/product_cat?post=386"},{"taxonomy":"product_tag","embeddable":true,"href":"https:\/\/www.emmanueldelicata.com\/order\/wp-json\/wp\/v2\/product_tag?post=386"}],"curies":[{"name":"wp","href":"https:\/\/api.w.org\/{rel}","templated":true}]}}